{"id":32,"date":"2022-11-27T21:02:21","date_gmt":"2022-11-27T21:02:21","guid":{"rendered":"https:\/\/www.detskylekarbrno.cz\/?page_id=32"},"modified":"2022-12-31T13:09:27","modified_gmt":"2022-12-31T13:09:27","slug":"ordinacni-doba","status":"publish","type":"page","link":"https:\/\/www.detskylekarbrno.cz\/?page_id=32","title":{"rendered":"Ordina\u010dn\u00ed doba"},"content":{"rendered":"\n<table>\n    <thead>\n        <tr>\n            <th colspan=\"2\"><\/th>\n            <th colspan=\"2\">Nemocn\u00ed<\/th>\n            <th colspan=\"2\">Prevence<\/th>\n            <th colspan=\"2\">Nemocn\u00ed<\/th>\n        <\/tr>\n    <\/thead>\n    <tbody>\n        <tr>\n            <td colspan=\"2\">Pond\u011bl\u00ed<\/td>\n            <td colspan=\"2\">7:30 &#8211; 11:00<\/td>\n            <td colspan=\"2\">11:30 &#8211; 15:00<\/td>\n            <td colspan=\"2\"><\/td>\n        <\/tr>\n        <tr>\n            <td colspan=\"2\">\u00dater\u00fd<\/td>\n            <td colspan=\"2\">9:00 &#8211; 11:00<\/td>\n            <td colspan=\"2\">11:30 &#8211; 13:30<\/td>\n            <td colspan=\"2\">13:30 &#8211; 16:00<\/td>\n        <\/tr>\n        <tr>\n            <td colspan=\"2\">St\u0159eda<\/td>\n            <td colspan=\"2\">7:30 &#8211; 11:00<\/td>\n            <td colspan=\"2\">11:30 &#8211; 15:00<\/td>\n            <td colspan=\"2\"><\/td>\n        <\/tr>\n        <tr>\n            <td colspan=\"2\">\u010dtvrtek<\/td>\n            <td colspan=\"2\">7:30 &#8211; 11:00<\/td>\n            <td colspan=\"2\">11:30 &#8211; 14:00<\/td>\n            <td colspan=\"2\"><\/td>\n        <\/tr>\n        <tr>\n            <td colspan=\"2\">P\u00e1tek<\/td>\n            <td colspan=\"2\">7:30 &#8211; 11:00<\/td>\n            <td colspan=\"2\"><\/td>\n            <td colspan=\"2\"><\/td>\n        <\/tr>\n    <\/tbody>\n<\/table>\n<br>\nO\u0161et\u0159ujeme jen p\u0159edem objednan\u00e9 pacienty. \n<br>Ke ka\u017ed\u00e9mu vy\u0161et\u0159en\u00ed je nutn\u00e9 se telefonicky objednat na telefonn\u00edm \u010d\u00edsle 778071011.\n","protected":false},"excerpt":{"rendered":"<p>Nemocn\u00ed Prevence Nemocn\u00ed Pond\u011bl\u00ed 7:30 &#8211; 11:00 11:30 &#8211; 15:00 \u00dater\u00fd 9:00 &#8211; 11:00 11:30 &#8211; 13:30 13:30 &#8211; 16:00 &hellip; <a href=\"https:\/\/www.detskylekarbrno.cz\/?page_id=32\" class=\"more-link\"><span class=\"more-button\">Continue Reading<span class=\"screen-reader-text\">Ordina\u010dn\u00ed doba<\/span><\/span><\/a><\/p>\n","protected":false},"author":1,"featured_media":0,"parent":0,"menu_order":0,"comment_status":"closed","ping_status":"closed","template":"","meta":{"footnotes":""},"class_list":["post-32","page","type-page","status-publish","hentry"],"_links":{"self":[{"href":"https:\/\/www.detskylekarbrno.cz\/index.php?rest_route=\/wp\/v2\/pages\/32","targetHints":{"allow":["GET"]}}],"collection":[{"href":"https:\/\/www.detskylekarbrno.cz\/index.php?rest_route=\/wp\/v2\/pages"}],"about":[{"href":"https:\/\/www.detskylekarbrno.cz\/index.php?rest_route=\/wp\/v2\/types\/page"}],"author":[{"embeddable":true,"href":"https:\/\/www.detskylekarbrno.cz\/index.php?rest_route=\/wp\/v2\/users\/1"}],"replies":[{"embeddable":true,"href":"https:\/\/www.detskylekarbrno.cz\/index.php?rest_route=%2Fwp%2Fv2%2Fcomments&post=32"}],"version-history":[{"count":6,"href":"https:\/\/www.detskylekarbrno.cz\/index.php?rest_route=\/wp\/v2\/pages\/32\/revisions"}],"predecessor-version":[{"id":80,"href":"https:\/\/www.detskylekarbrno.cz\/index.php?rest_route=\/wp\/v2\/pages\/32\/revisions\/80"}],"wp:attachment":[{"href":"https:\/\/www.detskylekarbrno.cz\/index.php?rest_route=%2Fwp%2Fv2%2Fmedia&parent=32"}],"curies":[{"name":"wp","href":"https:\/\/api.w.org\/{rel}","templated":true}]}}