{"id":35,"date":"2022-11-27T21:02:21","date_gmt":"2022-11-27T21:02:21","guid":{"rendered":"https:\/\/www.detskylekarbrno.cz\/?page_id=35"},"modified":"2024-10-28T17:38:40","modified_gmt":"2024-10-28T17:38:40","slug":"o-nas","status":"publish","type":"page","link":"https:\/\/www.detskylekarbrno.cz\/?page_id=35","title":{"rendered":"O n\u00e1s"},"content":{"rendered":"\n<p>Jmenuji se MUDr. Kristina Pot\u00fa\u010dkov\u00e1 a m\u00e1 pr\u00e1ce je m\u00fdm posl\u00e1n\u00edm.<\/p>\n\n\n\n<p>Po absolvov\u00e1n\u00ed st\u00e1tn\u00ed zkou\u0161ky jsem nastoupila v nemocnici Boskovice, kde jsem p\u016fsobila dva roky jako d\u011btsk\u00fd l\u00e9ka\u0159. Pot\u00e9 absolvovala st\u00e1\u017ee na odd\u011blen\u00edch perinatologie, otorinolaryngologie, dermatovenerologie,&nbsp; chirurgie, psychiatrie, ortopedie, anesteziologie, infek\u010dn\u00edho odd\u011blen\u00ed a ro\u010dn\u00ed pobyt na akreditovan\u00e9m pracovi\u0161ti praktick\u00e9ho d\u011btsk\u00e9ho l\u00e9ka\u0159e. V listopadu 2010 jsem slo\u017eila atesta\u010dn\u00ed zkou\u0161ku II.stupn\u011b na kated\u0159e praktick\u00e9ho d\u011btsk\u00e9ho l\u00e9ka\u0159stv\u00ed v Praze. Pot\u00e9 jsem nastoupila jako d\u011btsk\u00fd l\u00e9ka\u0159 do ordinace MUDr. Aleny Kov\u00e1\u0159ov\u00e9 v Bohunic\u00edch, kde jsem pracovala do roku 2022. Pravideln\u011b jsem slou\u017eila slu\u017eby l\u00e9ka\u0159sk\u00e9 prvn\u00ed pomoci v d\u011btsk\u00e9 nemocnici v Brn\u011b.<\/p>\n\n\n\n<p>Sest\u0159i\u010dka Vendula Kurtinov\u00e1 se spolupod\u00edl\u00ed se na plynul\u00e9m chodu ordinace, zaji\u0161\u0165uje pot\u0159ebnou administrativn\u00ed \u010dinnost, zpracov\u00e1v\u00e1 zdravotn\u00ed dokumentaci a bude s v\u00e1mi komunikovat ohledn\u011b objedn\u00e1n\u00ed na konkr\u00e9tn\u00ed term\u00edny.<\/p>\n\n\n\n<p>Na konci roku 2022 jsem p\u0159ebrala ordinaci po pan\u00ed doktorce Daniele Chur\u00e9, kter\u00e1 d\u00e1le funguje pod n\u00e1zvem D\u011btsk\u00fd l\u00e9ka\u0159 Brno. Provoz ordinace byl zah\u00e1jen 2.1.2023. <\/p>\n","protected":false},"excerpt":{"rendered":"<p>Jmenuji se MUDr. Kristina Pot\u00fa\u010dkov\u00e1 a m\u00e1 pr\u00e1ce je m\u00fdm posl\u00e1n\u00edm. Po absolvov\u00e1n\u00ed st\u00e1tn\u00ed zkou\u0161ky jsem nastoupila v nemocnici Boskovice, &hellip; <a href=\"https:\/\/www.detskylekarbrno.cz\/?page_id=35\" class=\"more-link\"><span class=\"more-button\">Continue Reading<span class=\"screen-reader-text\">O n\u00e1s<\/span><\/span><\/a><\/p>\n","protected":false},"author":1,"featured_media":0,"parent":0,"menu_order":0,"comment_status":"closed","ping_status":"closed","template":"","meta":{"footnotes":""},"class_list":["post-35","page","type-page","status-publish","hentry"],"_links":{"self":[{"href":"https:\/\/www.detskylekarbrno.cz\/index.php?rest_route=\/wp\/v2\/pages\/35","targetHints":{"allow":["GET"]}}],"collection":[{"href":"https:\/\/www.detskylekarbrno.cz\/index.php?rest_route=\/wp\/v2\/pages"}],"about":[{"href":"https:\/\/www.detskylekarbrno.cz\/index.php?rest_route=\/wp\/v2\/types\/page"}],"author":[{"embeddable":true,"href":"https:\/\/www.detskylekarbrno.cz\/index.php?rest_route=\/wp\/v2\/users\/1"}],"replies":[{"embeddable":true,"href":"https:\/\/www.detskylekarbrno.cz\/index.php?rest_route=%2Fwp%2Fv2%2Fcomments&post=35"}],"version-history":[{"count":10,"href":"https:\/\/www.detskylekarbrno.cz\/index.php?rest_route=\/wp\/v2\/pages\/35\/revisions"}],"predecessor-version":[{"id":141,"href":"https:\/\/www.detskylekarbrno.cz\/index.php?rest_route=\/wp\/v2\/pages\/35\/revisions\/141"}],"wp:attachment":[{"href":"https:\/\/www.detskylekarbrno.cz\/index.php?rest_route=%2Fwp%2Fv2%2Fmedia&parent=35"}],"curies":[{"name":"wp","href":"https:\/\/api.w.org\/{rel}","templated":true}]}}