{"id":36,"date":"2022-11-27T21:02:21","date_gmt":"2022-11-27T21:02:21","guid":{"rendered":"https:\/\/www.detskylekarbrno.cz\/?page_id=36"},"modified":"2023-01-11T23:20:11","modified_gmt":"2023-01-11T23:20:11","slug":"kontakt","status":"publish","type":"page","link":"https:\/\/www.detskylekarbrno.cz\/?page_id=36","title":{"rendered":"Kontakt"},"content":{"rendered":"\n<p>Ordinace D\u011btsk\u00fd l\u00e9ka\u0159 Brno s.r.o. \n<br>\n<br>Libu\u0161ina t\u0159\u00edda 580\/4, 623 00 Brno &#8211; Kohoutovice\n<br>Email: info@detskylekarbrno.cz \n<br>Telefon: 778 071 011\n<\/p>\n\n\n\n<p><\/p>\n","protected":false},"excerpt":{"rendered":"<p>Ordinace D\u011btsk\u00fd l\u00e9ka\u0159 Brno s.r.o. Libu\u0161ina t\u0159\u00edda 580\/4, 623 00 Brno &#8211; Kohoutovice Email: info@detskylekarbrno.cz Telefon: 778 071 011<\/p>\n","protected":false},"author":1,"featured_media":0,"parent":0,"menu_order":0,"comment_status":"closed","ping_status":"closed","template":"","meta":{"footnotes":""},"class_list":["post-36","page","type-page","status-publish","hentry"],"_links":{"self":[{"href":"https:\/\/www.detskylekarbrno.cz\/index.php?rest_route=\/wp\/v2\/pages\/36","targetHints":{"allow":["GET"]}}],"collection":[{"href":"https:\/\/www.detskylekarbrno.cz\/index.php?rest_route=\/wp\/v2\/pages"}],"about":[{"href":"https:\/\/www.detskylekarbrno.cz\/index.php?rest_route=\/wp\/v2\/types\/page"}],"author":[{"embeddable":true,"href":"https:\/\/www.detskylekarbrno.cz\/index.php?rest_route=\/wp\/v2\/users\/1"}],"replies":[{"embeddable":true,"href":"https:\/\/www.detskylekarbrno.cz\/index.php?rest_route=%2Fwp%2Fv2%2Fcomments&post=36"}],"version-history":[{"count":5,"href":"https:\/\/www.detskylekarbrno.cz\/index.php?rest_route=\/wp\/v2\/pages\/36\/revisions"}],"predecessor-version":[{"id":81,"href":"https:\/\/www.detskylekarbrno.cz\/index.php?rest_route=\/wp\/v2\/pages\/36\/revisions\/81"}],"wp:attachment":[{"href":"https:\/\/www.detskylekarbrno.cz\/index.php?rest_route=%2Fwp%2Fv2%2Fmedia&parent=36"}],"curies":[{"name":"wp","href":"https:\/\/api.w.org\/{rel}","templated":true}]}}